{"id":498,"date":"2023-05-14T16:43:50","date_gmt":"2023-05-14T14:43:50","guid":{"rendered":"https:\/\/partyhegyko.hu\/?page_id=498"},"modified":"2023-10-27T09:23:41","modified_gmt":"2023-10-27T07:23:41","slug":"latnivalok","status":"publish","type":"page","link":"https:\/\/partyhegyko.hu\/de\/latnivalok\/","title":{"rendered":"Attraktion"},"content":{"rendered":"<div data-elementor-type=\"wp-page\" data-elementor-id=\"498\" class=\"elementor elementor-498\" data-elementor-post-type=\"page\">\n\t\t\t\t\t\t\t\t\t<section class=\"elementor-section elementor-top-section elementor-element elementor-element-da2be14 elementor-section-full_width elementor-section-height-min-height elementor-section-stretched elementor-section-height-default elementor-section-items-middle\" data-id=\"da2be14\" data-element_type=\"section\" data-settings=\"{&quot;stretch_section&quot;:&quot;section-stretched&quot;,&quot;background_background&quot;:&quot;classic&quot;}\">\n\t\t\t\t\t\t<div class=\"elementor-container elementor-column-gap-default\">\n\t\t\t\t\t<div class=\"elementor-column elementor-col-100 elementor-top-column elementor-element elementor-element-62a6c76\" data-id=\"62a6c76\" data-element_type=\"column\">\n\t\t\t<div class=\"elementor-widget-wrap elementor-element-populated\">\n\t\t\t\t\t\t\t\t<div class=\"elementor-element elementor-element-ffe3ace elementor-widget elementor-widget-heading\" data-id=\"ffe3ace\" data-element_type=\"widget\" data-widget_type=\"heading.default\">\n\t\t\t\t<div class=\"elementor-widget-container\">\n\t\t\t<style>\/*! elementor - v3.16.0 - 20-09-2023 *\/\n.elementor-heading-title{padding:0;margin:0;line-height:1}.elementor-widget-heading .elementor-heading-title[class*=elementor-size-]>a{color:inherit;font-size:inherit;line-height:inherit}.elementor-widget-heading .elementor-heading-title.elementor-size-small{font-size:15px}.elementor-widget-heading .elementor-heading-title.elementor-size-medium{font-size:19px}.elementor-widget-heading .elementor-heading-title.elementor-size-large{font-size:29px}.elementor-widget-heading .elementor-heading-title.elementor-size-xl{font-size:39px}.elementor-widget-heading .elementor-heading-title.elementor-size-xxl{font-size:59px}<\/style><h2 class=\"elementor-heading-title elementor-size-default\">SEHENSW\u00dcRDIGKEITEN<\/h2>\t\t<\/div>\n\t\t\t\t<\/div>\n\t\t\t\t\t<\/div>\n\t\t<\/div>\n\t\t\t\t\t\t\t<\/div>\n\t\t<\/section>\n\t\t\t\t<section class=\"elementor-section elementor-top-section elementor-element elementor-element-f2dffbd elementor-section-boxed elementor-section-height-default elementor-section-height-default\" data-id=\"f2dffbd\" data-element_type=\"section\">\n\t\t\t\t\t\t<div class=\"elementor-container elementor-column-gap-default\">\n\t\t\t\t\t<div class=\"elementor-column elementor-col-100 elementor-top-column elementor-element elementor-element-34389e6\" data-id=\"34389e6\" data-element_type=\"column\" data-settings=\"{&quot;background_background&quot;:&quot;classic&quot;}\">\n\t\t\t<div class=\"elementor-widget-wrap elementor-element-populated\">\n\t\t\t\t\t\t\t\t<div class=\"elementor-element elementor-element-1a05ea5 elementor-widget elementor-widget-text-editor\" data-id=\"1a05ea5\" data-element_type=\"widget\" data-widget_type=\"text-editor.default\">\n\t\t\t\t<div class=\"elementor-widget-container\">\n\t\t\t<style>\/*! elementor - v3.16.0 - 20-09-2023 *\/\n.elementor-widget-text-editor.elementor-drop-cap-view-stacked .elementor-drop-cap{background-color:#69727d;color:#fff}.elementor-widget-text-editor.elementor-drop-cap-view-framed .elementor-drop-cap{color:#69727d;border:3px solid;background-color:transparent}.elementor-widget-text-editor:not(.elementor-drop-cap-view-default) .elementor-drop-cap{margin-top:8px}.elementor-widget-text-editor:not(.elementor-drop-cap-view-default) .elementor-drop-cap-letter{width:1em;height:1em}.elementor-widget-text-editor .elementor-drop-cap{float:left;text-align:center;line-height:1;font-size:50px}.elementor-widget-text-editor .elementor-drop-cap-letter{display:inline-block}<\/style>\t\t\t\t<p><strong>S\u00c1-RA TERM\u00c1L<\/strong><\/p><p>Das Thermalbad erwartet mit seinen Wellness- und Spa-Pools im ganzen Jahr seine G\u00e4ste.<\/p>\t\t\t\t\t\t<\/div>\n\t\t\t\t<\/div>\n\t\t\t\t<div class=\"elementor-element elementor-element-575745a e-transform elementor-widget elementor-widget-image\" data-id=\"575745a\" data-element_type=\"widget\" data-settings=\"{&quot;_transform_scale_effect&quot;:{&quot;unit&quot;:&quot;px&quot;,&quot;size&quot;:&quot;&quot;,&quot;sizes&quot;:[]},&quot;_transform_scale_effect_tablet&quot;:{&quot;unit&quot;:&quot;px&quot;,&quot;size&quot;:&quot;&quot;,&quot;sizes&quot;:[]},&quot;_transform_scale_effect_mobile&quot;:{&quot;unit&quot;:&quot;px&quot;,&quot;size&quot;:&quot;&quot;,&quot;sizes&quot;:[]}}\" data-widget_type=\"image.default\">\n\t\t\t\t<div class=\"elementor-widget-container\">\n\t\t\t<style>\/*! elementor - v3.16.0 - 20-09-2023 *\/\n.elementor-widget-image{text-align:center}.elementor-widget-image a{display:inline-block}.elementor-widget-image a img[src$=\".svg\"]{width:48px}.elementor-widget-image img{vertical-align:middle;display:inline-block}<\/style>\t\t\t\t\t\t\t\t\t\t\t\t<img loading=\"lazy\" decoding=\"async\" width=\"640\" height=\"480\" src=\"https:\/\/partyhegyko.hu\/wp-content\/uploads\/2023\/10\/Wellness_01_sa-ra.jpg\" class=\"attachment-medium_large size-medium_large wp-image-788\" alt=\"\" srcset=\"https:\/\/partyhegyko.hu\/wp-content\/uploads\/2023\/10\/Wellness_01_sa-ra.jpg 640w, https:\/\/partyhegyko.hu\/wp-content\/uploads\/2023\/10\/Wellness_01_sa-ra-300x225.jpg 300w, https:\/\/partyhegyko.hu\/wp-content\/uploads\/2023\/10\/Wellness_01_sa-ra-16x12.jpg 16w\" sizes=\"auto, (max-width: 640px) 100vw, 640px\" \/>\t\t\t\t\t\t\t\t\t\t\t\t\t\t\t<\/div>\n\t\t\t\t<\/div>\n\t\t\t\t<div class=\"elementor-element elementor-element-caaf80d elementor-align-center elementor-widget elementor-widget-button\" data-id=\"caaf80d\" data-element_type=\"widget\" data-widget_type=\"button.default\">\n\t\t\t\t<div class=\"elementor-widget-container\">\n\t\t\t\t\t<div class=\"elementor-button-wrapper\">\n\t\t\t<a class=\"elementor-button elementor-button-link elementor-size-sm\" href=\"https:\/\/www.saratermal.hu\/\" target=\"_blank\">\n\t\t\t\t\t\t<span class=\"elementor-button-content-wrapper\">\n\t\t\t\t\t\t<span class=\"elementor-button-text\">Webseite ansehen<\/span>\n\t\t<\/span>\n\t\t\t\t\t<\/a>\n\t\t<\/div>\n\t\t\t\t<\/div>\n\t\t\t\t<\/div>\n\t\t\t\t<div class=\"elementor-element elementor-element-1db4bf2 elementor-widget elementor-widget-text-editor\" data-id=\"1db4bf2\" data-element_type=\"widget\" data-widget_type=\"text-editor.default\">\n\t\t\t\t<div class=\"elementor-widget-container\">\n\t\t\t\t\t\t\t<p><strong>CSIPKEH\u00c1Z<\/strong><\/p><p>In einem der \u00e4ltesten H\u00e4user von Hegyk\u0151 erwartet Interessierte die Ausstellung von Istv\u00e1n Szigethy mit dem Titel \u201eVon der Wiege bis zum Augenlid\u201c.<\/p>\t\t\t\t\t\t<\/div>\n\t\t\t\t<\/div>\n\t\t\t\t<div class=\"elementor-element elementor-element-7c598b2 elementor-widget elementor-widget-image\" data-id=\"7c598b2\" data-element_type=\"widget\" data-widget_type=\"image.default\">\n\t\t\t\t<div class=\"elementor-widget-container\">\n\t\t\t\t\t\t\t\t\t\t\t\t\t\t\t<img loading=\"lazy\" decoding=\"async\" width=\"768\" height=\"576\" src=\"https:\/\/partyhegyko.hu\/wp-content\/uploads\/2023\/05\/csipkehaz-hegyko-768x576.jpg\" class=\"attachment-medium_large size-medium_large wp-image-444\" alt=\"\" srcset=\"https:\/\/partyhegyko.hu\/wp-content\/uploads\/2023\/05\/csipkehaz-hegyko-768x576.jpg 768w, https:\/\/partyhegyko.hu\/wp-content\/uploads\/2023\/05\/csipkehaz-hegyko-300x225.jpg 300w, https:\/\/partyhegyko.hu\/wp-content\/uploads\/2023\/05\/csipkehaz-hegyko-16x12.jpg 16w, https:\/\/partyhegyko.hu\/wp-content\/uploads\/2023\/05\/csipkehaz-hegyko.jpg 800w\" sizes=\"auto, (max-width: 768px) 100vw, 768px\" \/>\t\t\t\t\t\t\t\t\t\t\t\t\t\t\t<\/div>\n\t\t\t\t<\/div>\n\t\t\t\t<div class=\"elementor-element elementor-element-a8256e9 elementor-align-center elementor-widget elementor-widget-button\" data-id=\"a8256e9\" data-element_type=\"widget\" data-widget_type=\"button.default\">\n\t\t\t\t<div class=\"elementor-widget-container\">\n\t\t\t\t\t<div class=\"elementor-button-wrapper\">\n\t\t\t<a class=\"elementor-button elementor-button-link elementor-size-sm\" href=\"https:\/\/csipkehaz-hegyko.hu\/hu\" target=\"_blank\">\n\t\t\t\t\t\t<span class=\"elementor-button-content-wrapper\">\n\t\t\t\t\t\t<span class=\"elementor-button-text\">Webseite ansehen<\/span>\n\t\t<\/span>\n\t\t\t\t\t<\/a>\n\t\t<\/div>\n\t\t\t\t<\/div>\n\t\t\t\t<\/div>\n\t\t\t\t<div class=\"elementor-element elementor-element-86d7ca2 elementor-widget elementor-widget-text-editor\" data-id=\"86d7ca2\" data-element_type=\"widget\" data-widget_type=\"text-editor.default\">\n\t\t\t\t<div class=\"elementor-widget-container\">\n\t\t\t\t\t\t\t<p><strong>ESTERH\u00c1ZY-KAST\u00c9LY, FERT\u0150D<\/strong><\/p><p>Der gr\u00f6\u00dfte Barock-Rokoko-Geb\u00e4udekomplex Ungarns, ein Wahrzeichen der Stadt Fert\u0151d, befindet sich ca. 6 km von Hegyk\u0151 entfernt.<\/p>\t\t\t\t\t\t<\/div>\n\t\t\t\t<\/div>\n\t\t\t\t<div class=\"elementor-element elementor-element-5c421ea elementor-widget elementor-widget-image\" data-id=\"5c421ea\" data-element_type=\"widget\" data-widget_type=\"image.default\">\n\t\t\t\t<div class=\"elementor-widget-container\">\n\t\t\t\t\t\t\t\t\t\t\t\t\t\t\t<img loading=\"lazy\" decoding=\"async\" width=\"800\" height=\"317\" src=\"https:\/\/partyhegyko.hu\/wp-content\/uploads\/2023\/05\/Esterhazy-kastely_4051._szamu_muemlek_2.jpg\" class=\"attachment-large size-large wp-image-386\" alt=\"\" srcset=\"https:\/\/partyhegyko.hu\/wp-content\/uploads\/2023\/05\/Esterhazy-kastely_4051._szamu_muemlek_2.jpg 1000w, https:\/\/partyhegyko.hu\/wp-content\/uploads\/2023\/05\/Esterhazy-kastely_4051._szamu_muemlek_2-300x119.jpg 300w, https:\/\/partyhegyko.hu\/wp-content\/uploads\/2023\/05\/Esterhazy-kastely_4051._szamu_muemlek_2-768x304.jpg 768w, https:\/\/partyhegyko.hu\/wp-content\/uploads\/2023\/05\/Esterhazy-kastely_4051._szamu_muemlek_2-18x7.jpg 18w\" sizes=\"auto, (max-width: 800px) 100vw, 800px\" \/>\t\t\t\t\t\t\t\t\t\t\t\t\t\t\t<\/div>\n\t\t\t\t<\/div>\n\t\t\t\t<div class=\"elementor-element elementor-element-18a3cf0 elementor-align-center elementor-widget elementor-widget-button\" data-id=\"18a3cf0\" data-element_type=\"widget\" data-widget_type=\"button.default\">\n\t\t\t\t<div class=\"elementor-widget-container\">\n\t\t\t\t\t<div class=\"elementor-button-wrapper\">\n\t\t\t<a class=\"elementor-button elementor-button-link elementor-size-sm\" href=\"http:\/\/www.eszterhaza.hu\/\" target=\"_blank\">\n\t\t\t\t\t\t<span class=\"elementor-button-content-wrapper\">\n\t\t\t\t\t\t<span class=\"elementor-button-text\">Webseite ansehen<\/span>\n\t\t<\/span>\n\t\t\t\t\t<\/a>\n\t\t<\/div>\n\t\t\t\t<\/div>\n\t\t\t\t<\/div>\n\t\t\t\t<div class=\"elementor-element elementor-element-0ccb8d8 elementor-widget elementor-widget-text-editor\" data-id=\"0ccb8d8\" data-element_type=\"widget\" data-widget_type=\"text-editor.default\">\n\t\t\t\t<div class=\"elementor-widget-container\">\n\t\t\t\t\t\t\t<p><strong>FERT\u0150-HANS\u00c1G NEMZETI PARK<\/strong><\/p><p>Der Nationalpark ist ein einzigartiges Naturgut Ungarns.<\/p>\t\t\t\t\t\t<\/div>\n\t\t\t\t<\/div>\n\t\t\t\t<div class=\"elementor-element elementor-element-ec689ee elementor-widget elementor-widget-image\" data-id=\"ec689ee\" data-element_type=\"widget\" data-widget_type=\"image.default\">\n\t\t\t\t<div class=\"elementor-widget-container\">\n\t\t\t\t\t\t\t\t\t\t\t\t\t\t\t<img loading=\"lazy\" decoding=\"async\" width=\"768\" height=\"512\" src=\"https:\/\/partyhegyko.hu\/wp-content\/uploads\/2023\/09\/ferto-hansag-nemzeti-park-768x512.jpg\" class=\"attachment-medium_large size-medium_large wp-image-633\" alt=\"\" srcset=\"https:\/\/partyhegyko.hu\/wp-content\/uploads\/2023\/09\/ferto-hansag-nemzeti-park-768x512.jpg 768w, https:\/\/partyhegyko.hu\/wp-content\/uploads\/2023\/09\/ferto-hansag-nemzeti-park-300x200.jpg 300w, https:\/\/partyhegyko.hu\/wp-content\/uploads\/2023\/09\/ferto-hansag-nemzeti-park-18x12.jpg 18w, https:\/\/partyhegyko.hu\/wp-content\/uploads\/2023\/09\/ferto-hansag-nemzeti-park.jpg 800w\" sizes=\"auto, (max-width: 768px) 100vw, 768px\" \/>\t\t\t\t\t\t\t\t\t\t\t\t\t\t\t<\/div>\n\t\t\t\t<\/div>\n\t\t\t\t<div class=\"elementor-element elementor-element-4f5bf59 elementor-align-center elementor-widget elementor-widget-button\" data-id=\"4f5bf59\" data-element_type=\"widget\" data-widget_type=\"button.default\">\n\t\t\t\t<div class=\"elementor-widget-container\">\n\t\t\t\t\t<div class=\"elementor-button-wrapper\">\n\t\t\t<a class=\"elementor-button elementor-button-link elementor-size-sm\" href=\"https:\/\/www.ferto-hansag.hu\/hu\" target=\"_blank\">\n\t\t\t\t\t\t<span class=\"elementor-button-content-wrapper\">\n\t\t\t\t\t\t<span class=\"elementor-button-text\">Webseite ansehen<\/span>\n\t\t<\/span>\n\t\t\t\t\t<\/a>\n\t\t<\/div>\n\t\t\t\t<\/div>\n\t\t\t\t<\/div>\n\t\t\t\t<div class=\"elementor-element elementor-element-19ae7ea elementor-widget elementor-widget-text-editor\" data-id=\"19ae7ea\" data-element_type=\"widget\" data-widget_type=\"text-editor.default\">\n\t\t\t\t<div class=\"elementor-widget-container\">\n\t\t\t\t\t\t\t<p><strong>SOPRON<\/strong><\/p><p>Sopron ist die Stadt der Loyalit\u00e4t und Freiheit, dank ihrer gem\u00fctlichen Stra\u00dfen und vielen Attraktionen eine der romantischsten St\u00e4dte des Landes.<\/p>\t\t\t\t\t\t<\/div>\n\t\t\t\t<\/div>\n\t\t\t\t<div class=\"elementor-element elementor-element-3aa983b elementor-widget elementor-widget-image\" data-id=\"3aa983b\" data-element_type=\"widget\" data-widget_type=\"image.default\">\n\t\t\t\t<div class=\"elementor-widget-container\">\n\t\t\t\t\t\t\t\t\t\t\t\t\t\t\t<img loading=\"lazy\" decoding=\"async\" width=\"768\" height=\"568\" src=\"https:\/\/partyhegyko.hu\/wp-content\/uploads\/2023\/05\/sopron-foter-768x568.jpg\" class=\"attachment-medium_large size-medium_large wp-image-460\" alt=\"\" srcset=\"https:\/\/partyhegyko.hu\/wp-content\/uploads\/2023\/05\/sopron-foter-768x568.jpg 768w, https:\/\/partyhegyko.hu\/wp-content\/uploads\/2023\/05\/sopron-foter-300x222.jpg 300w, https:\/\/partyhegyko.hu\/wp-content\/uploads\/2023\/05\/sopron-foter-16x12.jpg 16w, https:\/\/partyhegyko.hu\/wp-content\/uploads\/2023\/05\/sopron-foter.jpg 1000w\" sizes=\"auto, (max-width: 768px) 100vw, 768px\" \/>\t\t\t\t\t\t\t\t\t\t\t\t\t\t\t<\/div>\n\t\t\t\t<\/div>\n\t\t\t\t<div class=\"elementor-element elementor-element-b525441 elementor-align-center elementor-widget elementor-widget-button\" data-id=\"b525441\" data-element_type=\"widget\" data-widget_type=\"button.default\">\n\t\t\t\t<div class=\"elementor-widget-container\">\n\t\t\t\t\t<div class=\"elementor-button-wrapper\">\n\t\t\t<a class=\"elementor-button elementor-button-link elementor-size-sm\" href=\"http:\/\/www.sopron.hu\/\" target=\"_blank\">\n\t\t\t\t\t\t<span class=\"elementor-button-content-wrapper\">\n\t\t\t\t\t\t<span class=\"elementor-button-text\">Webseite ansehen<\/span>\n\t\t<\/span>\n\t\t\t\t\t<\/a>\n\t\t<\/div>\n\t\t\t\t<\/div>\n\t\t\t\t<\/div>\n\t\t\t\t<div class=\"elementor-element elementor-element-0eab841 elementor-widget elementor-widget-heading\" data-id=\"0eab841\" data-element_type=\"widget\" data-widget_type=\"heading.default\">\n\t\t\t\t<div class=\"elementor-widget-container\">\n\t\t\t<h4 class=\"elementor-heading-title elementor-size-default\">F\u00fcr Kinder (\u00d6sterreich)<\/h4>\t\t<\/div>\n\t\t\t\t<\/div>\n\t\t\t\t<div class=\"elementor-element elementor-element-b45bc12 elementor-widget elementor-widget-text-editor\" data-id=\"b45bc12\" data-element_type=\"widget\" data-widget_type=\"text-editor.default\">\n\t\t\t\t<div class=\"elementor-widget-container\">\n\t\t\t\t\t\t\t<p><strong>Familypark (M\u00e4rchenpark) Neusiedlersee <\/strong><\/p><p>\u00d6sterreichs gr\u00f6\u00dfter Freizeitpark, ein unverzichtbares Ganztagesprogramm f\u00fcr Reisende mit Kindern.<\/p>\t\t\t\t\t\t<\/div>\n\t\t\t\t<\/div>\n\t\t\t\t<div class=\"elementor-element elementor-element-1053a9c elementor-widget elementor-widget-image\" data-id=\"1053a9c\" data-element_type=\"widget\" data-widget_type=\"image.default\">\n\t\t\t\t<div class=\"elementor-widget-container\">\n\t\t\t\t\t\t\t\t\t\t\t\t\t\t\t<img loading=\"lazy\" decoding=\"async\" width=\"768\" height=\"511\" src=\"https:\/\/partyhegyko.hu\/wp-content\/uploads\/2023\/09\/ausflugsziel_familypark-neusiedler-see_n70936-168631-1_l-768x511.jpg\" class=\"attachment-medium_large size-medium_large wp-image-656\" alt=\"\" srcset=\"https:\/\/partyhegyko.hu\/wp-content\/uploads\/2023\/09\/ausflugsziel_familypark-neusiedler-see_n70936-168631-1_l-768x511.jpg 768w, https:\/\/partyhegyko.hu\/wp-content\/uploads\/2023\/09\/ausflugsziel_familypark-neusiedler-see_n70936-168631-1_l-300x200.jpg 300w, https:\/\/partyhegyko.hu\/wp-content\/uploads\/2023\/09\/ausflugsziel_familypark-neusiedler-see_n70936-168631-1_l-18x12.jpg 18w, https:\/\/partyhegyko.hu\/wp-content\/uploads\/2023\/09\/ausflugsziel_familypark-neusiedler-see_n70936-168631-1_l.jpg 902w\" sizes=\"auto, (max-width: 768px) 100vw, 768px\" \/>\t\t\t\t\t\t\t\t\t\t\t\t\t\t\t<\/div>\n\t\t\t\t<\/div>\n\t\t\t\t<div class=\"elementor-element elementor-element-f340a1d elementor-align-center elementor-widget elementor-widget-button\" data-id=\"f340a1d\" data-element_type=\"widget\" data-widget_type=\"button.default\">\n\t\t\t\t<div class=\"elementor-widget-container\">\n\t\t\t\t\t<div class=\"elementor-button-wrapper\">\n\t\t\t<a class=\"elementor-button elementor-button-link elementor-size-sm\" href=\"https:\/\/www.familypark.at\/\" target=\"_blank\">\n\t\t\t\t\t\t<span class=\"elementor-button-content-wrapper\">\n\t\t\t\t\t\t<span class=\"elementor-button-text\">Webseite ansehen<\/span>\n\t\t<\/span>\n\t\t\t\t\t<\/a>\n\t\t<\/div>\n\t\t\t\t<\/div>\n\t\t\t\t<\/div>\n\t\t\t\t<div class=\"elementor-element elementor-element-226f055 elementor-widget elementor-widget-text-editor\" data-id=\"226f055\" data-element_type=\"widget\" data-widget_type=\"text-editor.default\">\n\t\t\t\t<div class=\"elementor-widget-container\">\n\t\t\t\t\t\t\t<p><strong>STEPPENTIERPARK Pamhagen<\/strong><\/p><p>Auf einer Fl\u00e4che von 13 Hektar liegt der Wildpark, wo Sie unter anderem frei lebende St\u00f6rche, Enten, Pfauen, G\u00e4nse, B\u00e4ren, Luchse, W\u00f6lfe und Wildschweine beobachten k\u00f6nnen.<\/p>\t\t\t\t\t\t<\/div>\n\t\t\t\t<\/div>\n\t\t\t\t<div class=\"elementor-element elementor-element-e6eb88a elementor-widget elementor-widget-image\" data-id=\"e6eb88a\" data-element_type=\"widget\" data-widget_type=\"image.default\">\n\t\t\t\t<div class=\"elementor-widget-container\">\n\t\t\t\t\t\t\t\t\t\t\t\t\t\t\t<img loading=\"lazy\" decoding=\"async\" width=\"768\" height=\"510\" src=\"https:\/\/partyhegyko.hu\/wp-content\/uploads\/2023\/05\/5629124736_975db466c5_b-768x510.jpg\" class=\"attachment-medium_large size-medium_large wp-image-468\" alt=\"\" srcset=\"https:\/\/partyhegyko.hu\/wp-content\/uploads\/2023\/05\/5629124736_975db466c5_b-768x510.jpg 768w, https:\/\/partyhegyko.hu\/wp-content\/uploads\/2023\/05\/5629124736_975db466c5_b-300x199.jpg 300w, https:\/\/partyhegyko.hu\/wp-content\/uploads\/2023\/05\/5629124736_975db466c5_b-18x12.jpg 18w, https:\/\/partyhegyko.hu\/wp-content\/uploads\/2023\/05\/5629124736_975db466c5_b.jpg 1024w\" sizes=\"auto, (max-width: 768px) 100vw, 768px\" \/>\t\t\t\t\t\t\t\t\t\t\t\t\t\t\t<\/div>\n\t\t\t\t<\/div>\n\t\t\t\t<div class=\"elementor-element elementor-element-df1569c elementor-align-center elementor-widget elementor-widget-button\" data-id=\"df1569c\" data-element_type=\"widget\" data-widget_type=\"button.default\">\n\t\t\t\t<div class=\"elementor-widget-container\">\n\t\t\t\t\t<div class=\"elementor-button-wrapper\">\n\t\t\t<a class=\"elementor-button elementor-button-link elementor-size-sm\" href=\"http:\/\/www.steppentierpark.at\/\" target=\"_blank\">\n\t\t\t\t\t\t<span class=\"elementor-button-content-wrapper\">\n\t\t\t\t\t\t<span class=\"elementor-button-text\">Webseite ansehen<\/span>\n\t\t<\/span>\n\t\t\t\t\t<\/a>\n\t\t<\/div>\n\t\t\t\t<\/div>\n\t\t\t\t<\/div>\n\t\t\t\t\t<\/div>\n\t\t<\/div>\n\t\t\t\t\t\t\t<\/div>\n\t\t<\/section>\n\t\t\t\t\t\t\t<\/div>","protected":false},"excerpt":{"rendered":"<p>L\u00c1TNIVAL\u00d3K S\u00c1-RA TERM\u00c1L A term\u00e1lf\u00fcrd\u0151 eg\u00e9sz \u00e9vben v\u00e1rja a l\u00e1togat\u00f3kat wellness- \u00e9s gy\u00f3gymedenc\u00e9ivel. HONLAP MEGTEKINT\u00c9SE CSIPKEH\u00c1Z Hegyk\u0151 egyik legr\u00e9gebbi h\u00e1z\u00e1ban, Szigethy Istv\u00e1nn\u00e9 \u201eA b\u00f6lcs\u0151t\u0151l a szemfed\u00e9lig\u201d c\u00edm\u0171 ki\u00e1ll\u00edt\u00e1s v\u00e1rja az \u00e9rdekl\u0151d\u0151ket. HONLAP MEGTEKINT\u00c9SE ESTERH\u00c1ZY-KAST\u00c9LY, FERT\u0150D Haz\u00e1nk legnagyobb, barokk-rokok\u00f3 \u00e9p\u00fcletegy\u00fcttese, Fert\u0151d v\u00e1ros nevezetess\u00e9ge, Hegyk\u0151t\u0151l kb. 6 km-re tal\u00e1lhat\u00f3. HONLAP MEGTEKINT\u00c9SE FERT\u0150-HANS\u00c1G NEMZETI PARK A nemzeti park [&hellip;]<\/p>","protected":false},"author":1,"featured_media":0,"parent":0,"menu_order":0,"comment_status":"closed","ping_status":"closed","template":"elementor_header_footer","meta":{"footnotes":""},"class_list":["post-498","page","type-page","status-publish","hentry"],"_links":{"self":[{"href":"https:\/\/partyhegyko.hu\/de\/wp-json\/wp\/v2\/pages\/498","targetHints":{"allow":["GET"]}}],"collection":[{"href":"https:\/\/partyhegyko.hu\/de\/wp-json\/wp\/v2\/pages"}],"about":[{"href":"https:\/\/partyhegyko.hu\/de\/wp-json\/wp\/v2\/types\/page"}],"author":[{"embeddable":true,"href":"https:\/\/partyhegyko.hu\/de\/wp-json\/wp\/v2\/users\/1"}],"replies":[{"embeddable":true,"href":"https:\/\/partyhegyko.hu\/de\/wp-json\/wp\/v2\/comments?post=498"}],"version-history":[{"count":103,"href":"https:\/\/partyhegyko.hu\/de\/wp-json\/wp\/v2\/pages\/498\/revisions"}],"predecessor-version":[{"id":791,"href":"https:\/\/partyhegyko.hu\/de\/wp-json\/wp\/v2\/pages\/498\/revisions\/791"}],"wp:attachment":[{"href":"https:\/\/partyhegyko.hu\/de\/wp-json\/wp\/v2\/media?parent=498"}],"curies":[{"name":"wp","href":"https:\/\/api.w.org\/{rel}","templated":true}]}}