{"id":370,"date":"2023-05-14T14:09:17","date_gmt":"2023-05-14T12:09:17","guid":{"rendered":"https:\/\/partyhegyko.hu\/?page_id=370"},"modified":"2023-09-24T14:52:07","modified_gmt":"2023-09-24T12:52:07","slug":"hazirend","status":"publish","type":"page","link":"https:\/\/partyhegyko.hu\/de\/hazirend\/","title":{"rendered":"H\u00e1zirend"},"content":{"rendered":"<div data-elementor-type=\"wp-page\" data-elementor-id=\"370\" class=\"elementor elementor-370\" data-elementor-post-type=\"page\">\n\t\t\t\t\t\t\t\t\t<section class=\"elementor-section elementor-top-section elementor-element elementor-element-da2be14 elementor-section-full_width elementor-section-height-min-height elementor-section-stretched elementor-section-height-default elementor-section-items-middle\" data-id=\"da2be14\" data-element_type=\"section\" data-settings=\"{&quot;stretch_section&quot;:&quot;section-stretched&quot;,&quot;background_background&quot;:&quot;classic&quot;}\">\n\t\t\t\t\t\t<div class=\"elementor-container elementor-column-gap-default\">\n\t\t\t\t\t<div class=\"elementor-column elementor-col-100 elementor-top-column elementor-element elementor-element-62a6c76\" data-id=\"62a6c76\" data-element_type=\"column\">\n\t\t\t<div class=\"elementor-widget-wrap elementor-element-populated\">\n\t\t\t\t\t\t\t\t<div class=\"elementor-element elementor-element-ffe3ace elementor-widget elementor-widget-heading\" data-id=\"ffe3ace\" data-element_type=\"widget\" data-widget_type=\"heading.default\">\n\t\t\t\t<div class=\"elementor-widget-container\">\n\t\t\t<style>\/*! elementor - v3.16.0 - 20-09-2023 *\/\n.elementor-heading-title{padding:0;margin:0;line-height:1}.elementor-widget-heading .elementor-heading-title[class*=elementor-size-]>a{color:inherit;font-size:inherit;line-height:inherit}.elementor-widget-heading .elementor-heading-title.elementor-size-small{font-size:15px}.elementor-widget-heading .elementor-heading-title.elementor-size-medium{font-size:19px}.elementor-widget-heading .elementor-heading-title.elementor-size-large{font-size:29px}.elementor-widget-heading .elementor-heading-title.elementor-size-xl{font-size:39px}.elementor-widget-heading .elementor-heading-title.elementor-size-xxl{font-size:59px}<\/style><h2 class=\"elementor-heading-title elementor-size-default\">H\u00c1ZIREND<\/h2>\t\t<\/div>\n\t\t\t\t<\/div>\n\t\t\t\t\t<\/div>\n\t\t<\/div>\n\t\t\t\t\t\t\t<\/div>\n\t\t<\/section>\n\t\t\t\t<section class=\"elementor-section elementor-top-section elementor-element elementor-element-dc5f892 elementor-section-boxed elementor-section-height-default elementor-section-height-default\" data-id=\"dc5f892\" data-element_type=\"section\">\n\t\t\t\t\t\t<div class=\"elementor-container elementor-column-gap-default\">\n\t\t\t\t\t<div class=\"elementor-column elementor-col-100 elementor-top-column elementor-element elementor-element-4b1114b\" data-id=\"4b1114b\" data-element_type=\"column\" data-settings=\"{&quot;background_background&quot;:&quot;classic&quot;}\">\n\t\t\t<div class=\"elementor-widget-wrap elementor-element-populated\">\n\t\t\t\t\t\t\t\t<div class=\"elementor-element elementor-element-ca01605 elementor-widget elementor-widget-text-editor\" data-id=\"ca01605\" data-element_type=\"widget\" data-widget_type=\"text-editor.default\">\n\t\t\t\t<div class=\"elementor-widget-container\">\n\t\t\t<style>\/*! elementor - v3.16.0 - 20-09-2023 *\/\n.elementor-widget-text-editor.elementor-drop-cap-view-stacked .elementor-drop-cap{background-color:#69727d;color:#fff}.elementor-widget-text-editor.elementor-drop-cap-view-framed .elementor-drop-cap{color:#69727d;border:3px solid;background-color:transparent}.elementor-widget-text-editor:not(.elementor-drop-cap-view-default) .elementor-drop-cap{margin-top:8px}.elementor-widget-text-editor:not(.elementor-drop-cap-view-default) .elementor-drop-cap-letter{width:1em;height:1em}.elementor-widget-text-editor .elementor-drop-cap{float:left;text-align:center;line-height:1;font-size:50px}.elementor-widget-text-editor .elementor-drop-cap-letter{display:inline-block}<\/style>\t\t\t\t<p><strong>Lesen Sie bitte die Hausordnung durch, sie hilft bei der bestimmungsgem\u00e4\u00dfen Benutzung des Gasthauses.<\/strong><\/p>\t\t\t\t\t\t<\/div>\n\t\t\t\t<\/div>\n\t\t\t\t\t<\/div>\n\t\t<\/div>\n\t\t\t\t\t\t\t<\/div>\n\t\t<\/section>\n\t\t\t\t<section class=\"elementor-section elementor-top-section elementor-element elementor-element-f2dffbd elementor-section-boxed elementor-section-height-default elementor-section-height-default\" data-id=\"f2dffbd\" data-element_type=\"section\">\n\t\t\t\t\t\t<div class=\"elementor-container elementor-column-gap-default\">\n\t\t\t\t\t<div class=\"elementor-column elementor-col-100 elementor-top-column elementor-element elementor-element-34389e6\" data-id=\"34389e6\" data-element_type=\"column\" data-settings=\"{&quot;background_background&quot;:&quot;classic&quot;}\">\n\t\t\t<div class=\"elementor-widget-wrap elementor-element-populated\">\n\t\t\t\t\t\t\t\t<div class=\"elementor-element elementor-element-1a05ea5 elementor-widget elementor-widget-text-editor\" data-id=\"1a05ea5\" data-element_type=\"widget\" data-widget_type=\"text-editor.default\">\n\t\t\t\t<div class=\"elementor-widget-container\">\n\t\t\t\t\t\t\t<p><strong>Reservierung\/R\u00fccktritt: <\/strong>die Zimmerreservierung ist in E-Mail oder auf Online Buchungssystemen m\u00f6glich. Die Reservierung ist fertig, wenn Sie die H\u00e4lfte des \u00dcbernachtungspreises auf unser Bankkonto \u00fcberwiesen haben.<\/p><p>Die Reservierung kann innerhalb von 7 Tagen ohne Zahlung einer Strafe storniert werden, wenn Sie von der Buchung innerhalb von 7 Tagen zur\u00fccktreten, sind Sie zur Zahlung einer Vertragsstrafe in H\u00f6he der Buchungsgeb\u00fchr verpflichtet.<\/p><p>Die Bezahlung der Kurtaxe erfolgt bei der Anreise gleichzeitig mit dem Ausf\u00fcllen der Anmeldeformulare.<\/p><p><strong>Anreise\/Check-in: <\/strong>bei der Anreise m\u00fcssen die G\u00e4ste Ihre pers\u00f6nlichen Dokumente (Reisepass, Ausweis) und den Restbetrag dem Manager \u00fcbergeben.\nUnsere G\u00e4ste d\u00fcrfen erst nach der Bezahlung der Zimmer Ihre Unterkunft besetzen. Wenn Sie die Pension aus irgendeinem Grund vor dem Ende des reservierten Zeitraums verlassen, k\u00f6nnen wir den Preis nicht reduzieren bzw. zur\u00fcckbezahlen.<\/p><p>Da die Pension \u00fcber keine st\u00e4ndige Rezeption verf\u00fcgt, kann man das Zimmer an dem reservierten Tag zwischen 15 - 18 Uhr benutzen. F\u00fcr die genaue Ankunftszeit ist eine vorherige Absprache erforderlich, damit Sie Ihre Unterkunft reibungslos besetzen k\u00f6nnen.<\/p><p><strong>Abreise:<\/strong> das Zimmer muss man am Tag der Abreise bis 10 Uhr verlassen, andernfalls berechnen wir einen Zuschlag.<\/p><p><strong>Fr\u00fchst\u00fcck:<\/strong>\u00a0wir servieren zwischen 8 \u2013 10 Uhr am Morgen Fr\u00fchst\u00fcck.<\/p><p><strong>Internetbenutzung:<\/strong>\u00a0wir sichern zu Ihrem Laptop und Ihrem Handy kostenlosen Internetanschluss durch Wifi.<\/p><p><strong>Rauchen:<\/strong>\u00a0nur an bestimmten Orten erlaubt (im Hof). Im Geb\u00e4ude und innerhalb von 5 Metern von dem Eingang ist Rauchen verboten! Wir ersuchen unsere G\u00e4ste im Interesse der Bewahrung der Sauberkeit auf dem Hof und Gasthaus keine Zigarettenkippen wegzuwerfen.<\/p><p><strong>Reinigung:<\/strong>\u00a0die Zimmer werden t\u00e4glich gereinigt, wenn Sie es mit einem ausgeh\u00e4ngten Schild verlangern. Im Fall eines Aufenthalts \u00fcber 7 Tage, geben wir einmal neue Bettw\u00e4sche und in allen 2 Tagen neue Handt\u00fccher.<\/p><p>Zur Sicherung der Ruhe der G\u00e4ste und der Nachbarn darf man zwischen 22 \u2013 08 Uhr nicht laut Musik h\u00f6ren und L\u00e4rm machen.<\/p><p>Wir sind nicht verantwortlich f\u00fcr pers\u00f6nliche Gegenst\u00e4nde, die in den Zimmern zur\u00fcckgelassen werden.<\/p><p>Bitte achten Sie auf die Ordnung und sch\u00fctzen Sie die Einrichtung des Hauses.<\/p><p>Wenn Sie die Schl\u00fcssel verloren, berechnen wir einen Zuschlag von 15 EUR bzw. bei Verlust der Fernbedienung der Klimaanlage oder des Fernsehens sind Sie zur Zahlung einer Strafe von 40 EUR verpflichtet.<\/p><p>Der Schadensverursacher oder sein gesetzlicher Vertreter hat den im Beherbergungsbereich entstandenen Schaden zu ersetzen.<\/p><p><strong>Haustiere:<\/strong>\u00a0 Hunde, Katzen andere Tiere sind laut vorheriger Zustimmung, mit Bedingungen, gegen Entgelt m\u00f6glich. Zuschlag f\u00fcr Hund und Katze 7 EUR per Nacht.\n\nDas folgende Etikett muss man bei Hunden und Katzen einhalten.<\/p><p>Darf nicht aggressiv sein mit Menschen und anderen Hunden. Muss gepflegt, gegen Fl\u00f6he gesch\u00fctzt anreisen. Der Gast muss die verbindlichen Impfungen nachweisen. Ber\u00fccksichtigen Sie bitte die anderen zwei- und vierbeinigen G\u00e4ste des Gasthauses. Im Gasthaus k\u00f6nnen ja auch solche G\u00e4ste \u00fcbernachten, die keine Hunde m\u00f6gen, halten Sie deshalb Ihren Hund unter Kontrolle und erlauben Sie ihm nicht, dass er zu allen G\u00e4sten ohne Bitte hingeht. Wenn der Hund im Garten spaziert, nehmen Sie bitte den Hundekot auf. Der Hund darf mit lautem Bellen die anderen G\u00e4ste nicht st\u00f6ren.<\/p><p>In den Zimmern d\u00fcrfen Hunde nur auf dem von ihrem Besitzer bereitgestellten Bett \u00fcbernachten, sie d\u00fcrfen keine Decken oder Handt\u00fccher im Zimmer benutzen!<\/p><p>Wenn ein Gast gegen die Regeln der Hausordnung verst\u00f6\u00dft, ist der Betreiber berechtigt, die Unterkunft zu stornieren und noch vor dem besprochenen Zeitpunkt Abstand von den damit verbundenen Dienstleistungen zu nehmen.<\/p><p>Mit der Nutzung der Unterkunft ist es selbstverst\u00e4ndlich, dass der Gast die Regeln gelesen, verstanden und akzeptiert hat.<\/p><p>Wir w\u00fcnschen Ihnen eine angenehme Erholung!\n\nFamilie Vinkovits<\/p><p>Wir sind am ganzen Tag unter der folgenden Telefonnummer erreichbar: + 36 30 9899724<\/p>\t\t\t\t\t\t<\/div>\n\t\t\t\t<\/div>\n\t\t\t\t\t<\/div>\n\t\t<\/div>\n\t\t\t\t\t\t\t<\/div>\n\t\t<\/section>\n\t\t\t\t\t\t\t<\/div>","protected":false},"excerpt":{"rendered":"<p>H\u00c1ZIREND K\u00e9rj\u00fck kedves Vend\u00e9geinket, olvass\u00e1k el h\u00e1zirend\u00fcnket, amely seg\u00edts\u00e9get ny\u00fajt a panzi\u00f3 rendeltet\u00e9sszer\u0171 haszn\u00e1lat\u00e1hoz. Sz\u00e1ll\u00e1sfoglal\u00e1s\/lemond\u00e1s: E-mailben \u00e9s az online foglal\u00e1si rendszereken lehets\u00e9ges. A sz\u00e1ll\u00e1s akkor tekinthet\u0151 foglaltnak, amennyiben a sz\u00e1ll\u00e1sd\u00edj 50 %-\u00e1t \u00e1tutalja banksz\u00e1ml\u00e1nkra. A foglal\u00e1sok \u00e9rkez\u00e9si nap el\u0151tt 7 nappal mondhat\u00f3k le k\u00f6tb\u00e9r megfizet\u00e9se n\u00e9lk\u00fcl, \u00e9rkez\u00e9st\u0151l sz\u00e1m\u00edtott 7 nap id\u0151tartamon bel\u00fcli lemond\u00e1s eset\u00e9n a [&hellip;]<\/p>","protected":false},"author":1,"featured_media":0,"parent":0,"menu_order":0,"comment_status":"closed","ping_status":"closed","template":"elementor_header_footer","meta":{"footnotes":""},"class_list":["post-370","page","type-page","status-publish","hentry"],"_links":{"self":[{"href":"https:\/\/partyhegyko.hu\/de\/wp-json\/wp\/v2\/pages\/370","targetHints":{"allow":["GET"]}}],"collection":[{"href":"https:\/\/partyhegyko.hu\/de\/wp-json\/wp\/v2\/pages"}],"about":[{"href":"https:\/\/partyhegyko.hu\/de\/wp-json\/wp\/v2\/types\/page"}],"author":[{"embeddable":true,"href":"https:\/\/partyhegyko.hu\/de\/wp-json\/wp\/v2\/users\/1"}],"replies":[{"embeddable":true,"href":"https:\/\/partyhegyko.hu\/de\/wp-json\/wp\/v2\/comments?post=370"}],"version-history":[{"count":19,"href":"https:\/\/partyhegyko.hu\/de\/wp-json\/wp\/v2\/pages\/370\/revisions"}],"predecessor-version":[{"id":735,"href":"https:\/\/partyhegyko.hu\/de\/wp-json\/wp\/v2\/pages\/370\/revisions\/735"}],"wp:attachment":[{"href":"https:\/\/partyhegyko.hu\/de\/wp-json\/wp\/v2\/media?parent=370"}],"curies":[{"name":"wp","href":"https:\/\/api.w.org\/{rel}","templated":true}]}}